{"id":15,"date":"2018-03-22T11:52:15","date_gmt":"2018-03-22T10:52:15","guid":{"rendered":"http:\/\/www.artetjardins-hdf.com\/?page_id=15"},"modified":"2022-01-24T13:03:42","modified_gmt":"2022-01-24T12:03:42","slug":"potagers-pedagogiques","status":"publish","type":"page","link":"https:\/\/www.artetjardins-hdf.com\/en\/potagers-pedagogiques\/","title":{"rendered":"Educational vegetable gardens in high schools"},"content":{"rendered":"<p>[spb_column col_sm=&#8221;4&#8243; padding_horizontal=&#8221;0&#8243; width=&#8221;1\/3&#8243; el_position=&#8221;first&#8221;] [spb_accordion width=&#8221;1\/1&#8243; el_position=&#8221;first last&#8221;] [spb_accordion_tab title=&#8221;Cit\u00e9 Scolaire Delambre-Montaigne &#8211; Amiens Somme&#8221; accordion_id=&#8221;cit&#8211;scolaire-delambre-montaigne&#8212;amiens-somme&#8221; icon=&#8221;&#8221;] [spb_text_block animation=&#8221;none&#8221; animation_delay=&#8221;0&#8243; simplified_controls=&#8221;yes&#8221; custom_css_percentage=&#8221;no&#8221; padding_vertical=&#8221;0&#8243; padding_horizontal=&#8221;0&#8243; margin_vertical=&#8221;0&#8243; custom_css=&#8221;margin-top: 0px;margin-bottom: 0px;&#8221; border_size=&#8221;0&#8243; border_styling_global=&#8221;default&#8221; width=&#8221;1\/1&#8243; el_position=&#8221;first last&#8221;]\n<p><strong><a href=\"https:\/\/www.artetjardins-hdf.com\/en\/jardin\/projet-en-cours-vergers-urbains-atelier-lembellie-epigenie-2020\/\">Vergers Urbains, Atelier l&#8217;Embellie, Epig\u00e9nie &gt; <span style=\"color: #132134;\"><span style=\"caret-color: #132134;\"><i><span style=\"color: #acb43f;\">Vegetable gardens in High Schools<\/span> <span style=\"color: #acb43f;\">&#8211; Amiens<\/span><\/i><\/span><\/span>, 2020 &#8211; 2021<\/a><br \/>\n<\/strong><span style=\"color: #000000;\">Cit\u00e9 Scolaire Delambre-Montaigne<br \/>\n3 rue Montaigne<br \/>\n80080 Amiens<\/span><\/p>\n[\/spb_text_block] [\/spb_accordion_tab] [spb_accordion_tab title=&#8221;Cit\u00e9 Scolaire Pierre de Coubertin &#8211; Calais Pas-de-Calais&#8221; accordion_id=&#8221;cit&#8211;scolaire-pierre-de-coubertin&#8212;calais-pas-de-calais&#8221; icon=&#8221;&#8221;] [spb_text_block animation=&#8221;none&#8221; animation_delay=&#8221;0&#8243; simplified_controls=&#8221;yes&#8221; custom_css_percentage=&#8221;no&#8221; padding_vertical=&#8221;0&#8243; padding_horizontal=&#8221;0&#8243; margin_vertical=&#8221;0&#8243; custom_css=&#8221;margin-top: 0px;margin-bottom: 0px;&#8221; border_size=&#8221;0&#8243; border_styling_global=&#8221;default&#8221; width=&#8221;1\/1&#8243; el_position=&#8221;first last&#8221;]\n<p><strong><a href=\"https:\/\/www.artetjardins-hdf.com\/en\/jardin\/projet-en-cours-green-resistance-2020\/\">Green Resistance &gt; <span style=\"color: #132134;\"><span style=\"caret-color: #132134;\"><i><span style=\"color: #acb43f;\">Vegetable gardens in High Schools<\/span> <span style=\"color: #acb43f;\">&#8211; Calais<\/span><\/i><\/span><\/span>, 2020 &#8211; 2021<\/a><br \/>\n<\/strong><span style=\"color: #000000;\">Lyc\u00e9e Pierre de Coubertin<\/span><br \/>\n<span style=\"color: #000000;\">320 Boulevard du 8 mai<\/span><br \/>\n<span style=\"color: #000000;\">62100 Calais<\/span><\/p>\n[\/spb_text_block] [\/spb_accordion_tab] [spb_accordion_tab title=&#8221;Lyc\u00e9es Publics &#8211; Chauny Aisne&#8221; accordion_id=&#8221;lyc-es-publics&#8212;chauny-aisne&#8221; icon=&#8221;&#8221;] [spb_text_block animation=&#8221;none&#8221; animation_delay=&#8221;0&#8243; simplified_controls=&#8221;yes&#8221; custom_css_percentage=&#8221;no&#8221; padding_vertical=&#8221;0&#8243; padding_horizontal=&#8221;0&#8243; margin_vertical=&#8221;0&#8243; custom_css=&#8221;margin-top: 0px;margin-bottom: 0px;&#8221; border_size=&#8221;0&#8243; border_styling_global=&#8221;default&#8221; width=&#8221;1\/1&#8243; el_position=&#8221;first last&#8221;]\n<p><a href=\"https:\/\/www.artetjardins-hdf.com\/en\/jardin\/projet-en-cours-atelier-de-lours-2020-2021\/\"><strong>Atelier de l&#8217;Ours &gt; <span style=\"color: #132134;\"><span style=\"caret-color: #132134;\"><i><span style=\"color: #acb43f;\">Vegetable gardens in High Schools<\/span> <span style=\"color: #acb43f;\">&#8211; Chauny<\/span><\/i><\/span><\/span>, 2020 &#8211; 2021<\/strong><\/a><br \/>\nLyc\u00e9es Publics of Chauny &#8211; Site Gambetta<br \/>\n23 Boulevard Gambetta<br \/>\n02300 Chauny<\/p>\n[\/spb_text_block] [\/spb_accordion_tab] [spb_accordion_tab title=&#8221;Lyc\u00e9e Cassini &#8211; Clermont Oise&#8221; accordion_id=&#8221;lyc-e-cassini&#8212;clermont-oise&#8221; icon=&#8221;&#8221;] [spb_text_block animation=&#8221;none&#8221; animation_delay=&#8221;0&#8243; simplified_controls=&#8221;yes&#8221; custom_css_percentage=&#8221;no&#8221; padding_vertical=&#8221;0&#8243; padding_horizontal=&#8221;0&#8243; margin_vertical=&#8221;0&#8243; custom_css=&#8221;margin-top: 0px;margin-bottom: 0px;&#8221; border_size=&#8221;0&#8243; border_styling_global=&#8221;default&#8221; width=&#8221;1\/1&#8243; el_position=&#8221;first last&#8221;]\n<p><strong><a href=\"https:\/\/www.artetjardins-hdf.com\/en\/jardin\/projet-en-cours-remi-algis-atelier-remi-algis-claire-vige-helie-2020-2021\/\">R\u00e9mi Algis (Atelier R\u00e9mi Algis) &amp; Claire Vig\u00e9 H\u00e9lie &gt; <span style=\"color: #132134;\"><span style=\"caret-color: #132134;\"><i><span style=\"color: #acb43f;\">Vegetable gardens in High Schools &#8211; Clermont<\/span><\/i><\/span><\/span>, 2020 &#8211; 2021<\/a><br \/>\n<\/strong><span style=\"color: #000000;\">Lyc\u00e9e Cassini<\/span><br \/>\n<span style=\"color: #000000;\">11 rue Henri Breuil<\/span><br \/>\n<span style=\"color: #000000;\">60600 Clermont<\/span><\/p>\n[\/spb_text_block] [\/spb_accordion_tab] [spb_accordion_tab title=&#8221;Lyc\u00e9e Louis Pasteur &#8211; Lille Nord&#8221; accordion_id=&#8221;lyc-e-louis-pasteur&#8212;lille-nord&#8221; icon=&#8221;&#8221;] [spb_text_block animation=&#8221;none&#8221; animation_delay=&#8221;0&#8243; simplified_controls=&#8221;yes&#8221; custom_css_percentage=&#8221;no&#8221; padding_vertical=&#8221;0&#8243; padding_horizontal=&#8221;0&#8243; margin_vertical=&#8221;0&#8243; custom_css=&#8221;margin-top: 0px;margin-bottom: 0px;&#8221; border_size=&#8221;0&#8243; border_styling_global=&#8221;default&#8221; width=&#8221;1\/1&#8243; el_position=&#8221;first last&#8221;]\n<p><strong><a href=\"https:\/\/www.artetjardins-hdf.com\/en\/jardin\/projet-en-cours-leonard-nguyen-van-the-2020-2021\/\">L\u00e9onard Nguyen Van Th\u00e9 &gt; <span style=\"color: #132134;\"><span style=\"caret-color: #132134;\"><i><span style=\"color: #acb43f;\">Vegetable gardens in High Schools &#8211; Lille<\/span><\/i><\/span><\/span><span style=\"color: #acb43f;\">,<\/span> 2020 &#8211; 2021<\/a><br \/>\n<\/strong><span style=\"color: #000000;\">Lyc\u00e9e Louis Pasteur<\/span><br \/>\n<span style=\"color: #000000;\">1 rue des Urbanistes<\/span><br \/>\n<span style=\"color: #000000;\">59000 Lille<\/span><\/p>\n[\/spb_text_block] [\/spb_accordion_tab] [\/spb_accordion] [\/spb_column] [spb_column col_sm=&#8221;8&#8243; padding_horizontal=&#8221;0&#8243; width=&#8221;2\/3&#8243; el_position=&#8221;last&#8221;] [spb_text_block animation=&#8221;none&#8221; animation_delay=&#8221;0&#8243; simplified_controls=&#8221;yes&#8221; custom_css_percentage=&#8221;no&#8221; padding_vertical=&#8221;0&#8243; padding_horizontal=&#8221;0&#8243; margin_vertical=&#8221;0&#8243; border_size=&#8221;0&#8243; border_styling_global=&#8221;default&#8221; width=&#8221;1\/1&#8243; el_position=&#8221;first last&#8221;]\n<p>In partnership with the Rectorats of the Academies of Lille and Amiens, the association is working with the services of the Hauts-de-France Region to create vegetable and educational gardens in high schools to make young people aware of feed issues and of &#8221; healthy eating \u201d, short food chains and the societal challenges of tomorrow linked to climate change.<br \/>\n<!-- P--><\/p>\n<p>The first experiments will be launched <strong><span style=\"color: #8c9b00;\">in five <\/span><\/strong><span lang=\"en\"><strong><span style=\"color: #8c9b00;\">establishments in the five departments of the Region<\/span><\/strong>, with a first harvest of productions expected in spring 2021: <strong><span style=\"color: #8c9b00;\">Lyc\u00e9es publics in Chauny (Aisne), Louis Pasteur high school in Lille (Nord), Cassini high school in Clermont (Oise), Cit\u00e9 Scolaire Pierre de Coubertin in Calais (Pas-de-Calais) and Cit\u00e9 Scolaire Delambre-Montaigne in Amiens (Somme)<\/span><\/strong>.\u00a0<\/span><\/p>\n<p>Supervised by teachers and landscapers, high school students will participate in all phases from the design to the harvest of these vegetable gardens, designed according to the principles of sustainable agriculture on the model of permaculture. The crops should be used in canteens and refectories.<\/p>\n[\/spb_text_block] [\/spb_column]<\/p>","protected":false},"excerpt":{"rendered":"<p>the label Art et jardinss &#8211; Hauts-de-France collaborates with many structures such as Lille 3000, as part of Eldorado 2019, or even Euralens, the regional association of Parcs et jardins. The association and its director Gilbert Fillinger also develop numerous international partnerships in England, Belgium, Marrakech and Teheran.<\/p>\n","protected":false},"author":1,"featured_media":0,"parent":0,"menu_order":0,"comment_status":"closed","ping_status":"closed","template":"","meta":{"footnotes":""},"tags":[],"class_list":["post-15","page","type-page","status-publish","hentry"],"_links":{"self":[{"href":"https:\/\/www.artetjardins-hdf.com\/en\/wp-json\/wp\/v2\/pages\/15","targetHints":{"allow":["GET"]}}],"collection":[{"href":"https:\/\/www.artetjardins-hdf.com\/en\/wp-json\/wp\/v2\/pages"}],"about":[{"href":"https:\/\/www.artetjardins-hdf.com\/en\/wp-json\/wp\/v2\/types\/page"}],"author":[{"embeddable":true,"href":"https:\/\/www.artetjardins-hdf.com\/en\/wp-json\/wp\/v2\/users\/1"}],"replies":[{"embeddable":true,"href":"https:\/\/www.artetjardins-hdf.com\/en\/wp-json\/wp\/v2\/comments?post=15"}],"version-history":[{"count":117,"href":"https:\/\/www.artetjardins-hdf.com\/en\/wp-json\/wp\/v2\/pages\/15\/revisions"}],"predecessor-version":[{"id":4849,"href":"https:\/\/www.artetjardins-hdf.com\/en\/wp-json\/wp\/v2\/pages\/15\/revisions\/4849"}],"wp:attachment":[{"href":"https:\/\/www.artetjardins-hdf.com\/en\/wp-json\/wp\/v2\/media?parent=15"}],"wp:term":[{"taxonomy":"post_tag","embeddable":true,"href":"https:\/\/www.artetjardins-hdf.com\/en\/wp-json\/wp\/v2\/tags?post=15"}],"curies":[{"name":"wp","href":"https:\/\/api.w.org\/{rel}","templated":true}]}}