{"id":30,"date":"2018-03-22T11:57:03","date_gmt":"2018-03-22T10:57:03","guid":{"rendered":"http:\/\/www.artetjardins-hdf.com\/?page_id=30"},"modified":"2019-05-04T18:38:41","modified_gmt":"2019-05-04T16:38:41","slug":"credits","status":"publish","type":"page","link":"https:\/\/www.artetjardins-hdf.com\/en\/credits\/","title":{"rendered":"Cr\u00e9dits"},"content":{"rendered":"<p>Tous droits r\u00e9serv\u00e9s \u00a9art &amp; jardins \u2014 Hauts-de-France<\/p>\n<h4>Gestion \u00e9ditoriale et Direction de publication<\/h4>\n<p><strong>art &amp; jardins \u2014 Hauts-de-France<br \/>\n<\/strong>Association loi de 1901<br \/>\n56, rue du Vivier<br \/>\n80000 Amiens<br \/>\n+33 (0)3 22 52 52 96<br \/>\n<a href=\"mailto:info@artetjardins-hdf.com\">info@artetjardins-hdf.com<\/a><\/p>\n<p>&nbsp;<\/p>\n<h4>Cr\u00e9ation du site internet<\/h4>\n<p><strong>WAG&amp;W, Wilhem Arnoldy<\/strong><br \/>\n<a href=\"mailto:contact-web@wilhemarnoldy.fr\">contact@wilhemarnoldy.fr<\/a> &#8211; <a href=\"http:\/\/www.wilhemarnoldy.fr\/\">www.wilhemarnoldy.fr<\/a><\/p>\n<p>&nbsp;<\/p>\n<h4>D\u00e9veloppement du site internet<\/h4>\n<p><strong>WAG&amp;W, Wilhem Arnoldy, Justin Petermann<\/strong><br \/>\n<a href=\"mailto:contact-web@wilhemarnoldy.fr\">contact@wilhemarnoldy.fr<\/a> &#8211; <a href=\"http:\/\/www.wilhemarnoldy.fr\/\">www.wilhemarnoldy.fr<\/a><\/p>\n<p>&nbsp;<\/p>\n<h4>H\u00e9bergement du site internet<\/h4>\n<p><strong>Exoca<\/strong><br \/>\n8, rue Jean-XXIII, 80000 Amiens<br \/>\n+33 (0)3 22 22 05 85 \u2013 <a class=\"\" href=\"http:\/\/www.amen.fr\/\">www.exoca.fr<\/a><\/p>","protected":false},"excerpt":{"rendered":"<p>Tous droits r\u00e9serv\u00e9s \u00a9art &amp; jardins \u2014 Hauts-de-France Gestion \u00e9ditoriale et Direction de publication art &amp; jardins \u2014 Hauts-de-France Association loi de 1901 56, rue du Vivier 80000 Amiens +33 (0)3 22 52 52 96 info@artetjardins-hdf.com &nbsp; Cr\u00e9ation du site internet WAG&amp;W, Wilhem Arnoldy contact@wilhemarnoldy.fr &#8211; www.wilhemarnoldy.fr &nbsp; D\u00e9veloppement du site internet WAG&amp;W, Wilhem Arnoldy, Justin Petermann contact@wilhemarnoldy.fr &#8211; www.wilhemarnoldy.fr [&hellip;]<\/p>\n","protected":false},"author":1,"featured_media":0,"parent":0,"menu_order":0,"comment_status":"closed","ping_status":"closed","template":"","meta":{"footnotes":""},"tags":[],"class_list":["post-30","page","type-page","status-publish","hentry"],"_links":{"self":[{"href":"https:\/\/www.artetjardins-hdf.com\/en\/wp-json\/wp\/v2\/pages\/30","targetHints":{"allow":["GET"]}}],"collection":[{"href":"https:\/\/www.artetjardins-hdf.com\/en\/wp-json\/wp\/v2\/pages"}],"about":[{"href":"https:\/\/www.artetjardins-hdf.com\/en\/wp-json\/wp\/v2\/types\/page"}],"author":[{"embeddable":true,"href":"https:\/\/www.artetjardins-hdf.com\/en\/wp-json\/wp\/v2\/users\/1"}],"replies":[{"embeddable":true,"href":"https:\/\/www.artetjardins-hdf.com\/en\/wp-json\/wp\/v2\/comments?post=30"}],"version-history":[{"count":9,"href":"https:\/\/www.artetjardins-hdf.com\/en\/wp-json\/wp\/v2\/pages\/30\/revisions"}],"predecessor-version":[{"id":1656,"href":"https:\/\/www.artetjardins-hdf.com\/en\/wp-json\/wp\/v2\/pages\/30\/revisions\/1656"}],"wp:attachment":[{"href":"https:\/\/www.artetjardins-hdf.com\/en\/wp-json\/wp\/v2\/media?parent=30"}],"wp:term":[{"taxonomy":"post_tag","embeddable":true,"href":"https:\/\/www.artetjardins-hdf.com\/en\/wp-json\/wp\/v2\/tags?post=30"}],"curies":[{"name":"wp","href":"https:\/\/api.w.org\/{rel}","templated":true}]}}