{"id":32,"date":"2018-03-22T11:57:15","date_gmt":"2018-03-22T10:57:15","guid":{"rendered":"http:\/\/www.artetjardins-hdf.com\/?page_id=32"},"modified":"2018-04-19T12:08:52","modified_gmt":"2018-04-19T10:08:52","slug":"mentions-legales","status":"publish","type":"page","link":"https:\/\/www.artetjardins-hdf.com\/en\/mentions-legales\/","title":{"rendered":"Mentions l\u00e9gales"},"content":{"rendered":"<h4>Droits d\u2019auteur<\/h4>\n<p>L\u2019ensemble du site rel\u00e8ve de la l\u00e9gislation fran\u00e7aise sur le droit d\u2019auteur et la propri\u00e9t\u00e9 intellectuelle. Tous les droits de reproduction sont r\u00e9serv\u00e9s, y compris pour les documents t\u00e9l\u00e9chargeables et les repr\u00e9sentations iconographiques et photographiques. La reproduction de tout ou partie de ce site sur quelque support que ce soit est formellement interdite sauf notre autorisation expresse.<\/p>\n<h4>Protection des donn\u00e9es personnelles<\/h4>\n<p>Conform\u00e9ment \u00e0 la loi Informatique et libert\u00e9s du 6 janvier 1978 (art. 34), vous disposez d\u2019un droit d\u2019acc\u00e8s, de rectification ou de suppression concernant les donn\u00e9es personnelles que nous pourrions \u00eatre amen\u00e9s \u00e0 recueillir.<\/p>\n<h4>Exactitude de l\u2019information<\/h4>\n<p>Malgr\u00e9 tous nos soins apport\u00e9s \u00e0 la r\u00e9alisation de ce site et \u00e0 son actualisation, des erreurs peuvent s\u2019\u00eatre gliss\u00e9es. Si vous en constatez n\u2019h\u00e9sitez pas \u00e0 nous le faire savoir.<\/p>\n<h4>Cookies<\/h4>\n<p>Ce site utilise Google Analytics pour mieux connaitre ses utilisateurs. Les donn\u00e9es recueillies via les cookies sont ainsi transmises \u00e0 Google. En utilisant ce site, vous acceptez le traitement de vos donn\u00e9es dans les conditions propos\u00e9es par Google\u00a0<a href=\"https:\/\/www.google.com\/analytics\/terms\/fr.html\">https:\/\/www.google.com\/analytics\/terms\/fr.html<\/a>. Vous pouvez d\u00e9sactiver Google analytics. Dans ce cas, vous n\u2019aurez plus acc\u00e8s aux formulaires de contact en ligne\u00a0<a href=\"https:\/\/tools.google.com\/dlpage\/gaoptout?hl=fr\">https:\/\/tools.google.com\/dlpage\/gaoptout?hl=fr<\/a>.<\/p>\n<p>&nbsp;<\/p>\n","protected":false},"excerpt":{"rendered":"<p>Droits d\u2019auteur L\u2019ensemble du site rel\u00e8ve de la l\u00e9gislation fran\u00e7aise sur le droit d\u2019auteur et la propri\u00e9t\u00e9 intellectuelle. Tous les droits de reproduction sont r\u00e9serv\u00e9s, y compris pour les documents t\u00e9l\u00e9chargeables et les repr\u00e9sentations iconographiques et photographiques. La reproduction de tout ou partie de ce site sur quelque support que ce soit est formellement interdite sauf notre autorisation expresse. Protection [&hellip;]<\/p>\n","protected":false},"author":1,"featured_media":0,"parent":0,"menu_order":0,"comment_status":"closed","ping_status":"closed","template":"","meta":{"footnotes":""},"tags":[],"class_list":["post-32","page","type-page","status-publish","hentry"],"_links":{"self":[{"href":"https:\/\/www.artetjardins-hdf.com\/en\/wp-json\/wp\/v2\/pages\/32","targetHints":{"allow":["GET"]}}],"collection":[{"href":"https:\/\/www.artetjardins-hdf.com\/en\/wp-json\/wp\/v2\/pages"}],"about":[{"href":"https:\/\/www.artetjardins-hdf.com\/en\/wp-json\/wp\/v2\/types\/page"}],"author":[{"embeddable":true,"href":"https:\/\/www.artetjardins-hdf.com\/en\/wp-json\/wp\/v2\/users\/1"}],"replies":[{"embeddable":true,"href":"https:\/\/www.artetjardins-hdf.com\/en\/wp-json\/wp\/v2\/comments?post=32"}],"version-history":[{"count":3,"href":"https:\/\/www.artetjardins-hdf.com\/en\/wp-json\/wp\/v2\/pages\/32\/revisions"}],"predecessor-version":[{"id":564,"href":"https:\/\/www.artetjardins-hdf.com\/en\/wp-json\/wp\/v2\/pages\/32\/revisions\/564"}],"wp:attachment":[{"href":"https:\/\/www.artetjardins-hdf.com\/en\/wp-json\/wp\/v2\/media?parent=32"}],"wp:term":[{"taxonomy":"post_tag","embeddable":true,"href":"https:\/\/www.artetjardins-hdf.com\/en\/wp-json\/wp\/v2\/tags?post=32"}],"curies":[{"name":"wp","href":"https:\/\/api.w.org\/{rel}","templated":true}]}}