{"id":5364,"date":"2023-03-29T12:51:24","date_gmt":"2023-03-29T10:51:24","guid":{"rendered":"https:\/\/www.artetjardins-hdf.com\/?page_id=5364"},"modified":"2023-04-04T14:49:50","modified_gmt":"2023-04-04T12:49:50","slug":"signaletiques-vegetaux-2","status":"publish","type":"page","link":"https:\/\/www.artetjardins-hdf.com\/en\/signaletiques-vegetaux-2\/","title":{"rendered":"(Fran\u00e7ais) Signal\u00e9tique v\u00e9g\u00e9taux"},"content":{"rendered":"<p class=\"qtranxs-available-languages-message qtranxs-available-languages-message-en\">Sorry, this entry is only available in <a href=\"https:\/\/www.artetjardins-hdf.com\/fr\/wp-json\/wp\/v2\/pages\/5364\" class=\"qtranxs-available-language-link qtranxs-available-language-link-fr\" title=\"Fran\u00e7ais\">Fran\u00e7ais<\/a>.<\/p>","protected":false},"excerpt":{"rendered":"<p>Sorry, this entry is only available in Fran\u00e7ais.<\/p>\n","protected":false},"author":9,"featured_media":0,"parent":0,"menu_order":0,"comment_status":"closed","ping_status":"closed","template":"","meta":{"footnotes":""},"tags":[],"class_list":["post-5364","page","type-page","status-publish","hentry"],"_links":{"self":[{"href":"https:\/\/www.artetjardins-hdf.com\/en\/wp-json\/wp\/v2\/pages\/5364","targetHints":{"allow":["GET"]}}],"collection":[{"href":"https:\/\/www.artetjardins-hdf.com\/en\/wp-json\/wp\/v2\/pages"}],"about":[{"href":"https:\/\/www.artetjardins-hdf.com\/en\/wp-json\/wp\/v2\/types\/page"}],"author":[{"embeddable":true,"href":"https:\/\/www.artetjardins-hdf.com\/en\/wp-json\/wp\/v2\/users\/9"}],"replies":[{"embeddable":true,"href":"https:\/\/www.artetjardins-hdf.com\/en\/wp-json\/wp\/v2\/comments?post=5364"}],"version-history":[{"count":18,"href":"https:\/\/www.artetjardins-hdf.com\/en\/wp-json\/wp\/v2\/pages\/5364\/revisions"}],"predecessor-version":[{"id":5401,"href":"https:\/\/www.artetjardins-hdf.com\/en\/wp-json\/wp\/v2\/pages\/5364\/revisions\/5401"}],"wp:attachment":[{"href":"https:\/\/www.artetjardins-hdf.com\/en\/wp-json\/wp\/v2\/media?parent=5364"}],"wp:term":[{"taxonomy":"post_tag","embeddable":true,"href":"https:\/\/www.artetjardins-hdf.com\/en\/wp-json\/wp\/v2\/tags?post=5364"}],"curies":[{"name":"wp","href":"https:\/\/api.w.org\/{rel}","templated":true}]}}