{"id":9,"date":"2018-03-22T11:51:31","date_gmt":"2018-03-22T10:51:31","guid":{"rendered":"http:\/\/www.artetjardins-hdf.com\/?page_id=9"},"modified":"2024-08-27T11:56:17","modified_gmt":"2024-08-27T09:56:17","slug":"jardins-vallee-de-la-somme","status":"publish","type":"page","link":"https:\/\/www.artetjardins-hdf.com\/en\/jardins-vallee-de-la-somme\/","title":{"rendered":"The gardens along the Somme Valley"},"content":{"rendered":"<p>[spb_row element_name=&#8221;Row&#8221; wrap_type=&#8221;content-width&#8221; parallax_image_height=&#8221;content-height&#8221; parallax_image_movement=&#8221;fixed&#8221; parallax_image_speed=&#8221;0.5&#8243; bg_video_loop=&#8221;yes&#8221; parallax_video_height=&#8221;window-height&#8221; parallax_video_overlay=&#8221;none&#8221; row_overlay_opacity=&#8221;0&#8243; row_col_pos=&#8221;default&#8221; width=&#8221;1\/1&#8243; el_position=&#8221;first last&#8221;] [spb_column col_sm=&#8221;4&#8243; padding_horizontal=&#8221;0&#8243; width=&#8221;1\/3&#8243; el_position=&#8221;first&#8221;] [spb_accordion width=&#8221;1\/1&#8243; el_position=&#8221;first last&#8221;] [spb_accordion_tab title=&#8221;LONG&#8221; accordion_id=&#8221;long&#8221; icon=&#8221;&#8221;] [spb_text_block animation=&#8221;none&#8221; animation_delay=&#8221;0&#8243; simplified_controls=&#8221;yes&#8221; custom_css_percentage=&#8221;no&#8221; padding_vertical=&#8221;0&#8243; padding_horizontal=&#8221;0&#8243; margin_vertical=&#8221;0&#8243; custom_css=&#8221;margin-top: 0px;margin-bottom: 0px;&#8221; border_size=&#8221;0&#8243; border_styling_global=&#8221;default&#8221; width=&#8221;1\/1&#8243; el_position=&#8221;first last&#8221;]\n<p><span style=\"color: #8c9b00;\"><strong>Wagon Landscaping : Mathieu Gontier &gt; <\/strong><\/span><em><span style=\"color: #8c9b00;\"><a href=\"https:\/\/www.artetjardins-hdf.com\/en\/jardin\/le-jardin-destock\/\"><strong>Le jardin destock<\/strong><\/a><br \/>\n<\/span>Lockmaster&#8217;s house<\/em><br \/>\n<em>1 Rue de l&#8217;\u00c9cluse, 80510 Long<\/em><\/p>\n[\/spb_text_block] [\/spb_accordion_tab] [spb_accordion_tab title=&#8221;ABBEVILLE&#8221; accordion_id=&#8221;abbeville&#8221; icon=&#8221;&#8221;] [spb_text_block animation=&#8221;none&#8221; animation_delay=&#8221;0&#8243; simplified_controls=&#8221;yes&#8221; custom_css_percentage=&#8221;no&#8221; padding_vertical=&#8221;0&#8243; padding_horizontal=&#8221;0&#8243; margin_vertical=&#8221;0&#8243; custom_css=&#8221;margin-top: 0px;margin-bottom: 0px;&#8221; border_size=&#8221;0&#8243; border_styling_global=&#8221;default&#8221; width=&#8221;1\/1&#8243; el_position=&#8221;first last&#8221;]\n<p><span style=\"color: #8c9b00;\"><strong>Atelier Les Jardiniers Nomades : Stanislas Bah Chuzeville, Richard Mariotte, Micha\u00ebl Tourdonnet &amp; Arnaud Mermet-Gerlat &gt; <\/strong><\/span><em><span style=\"color: #8c9b00;\"><a href=\"https:\/\/www.artetjardins-hdf.com\/en\/jardin\/coup-doeil-entre-deux-eaux\/\"><strong>Coup d&#8217;oeil entre deux eaux<\/strong><\/a><br \/>\n<\/span>Municipal park of La Bouvaque<\/em><br \/>\n<em>80100 Abbeville<\/em><\/p>\n[\/spb_text_block] [\/spb_accordion_tab] [spb_accordion_tab title=&#8221;SAINT-QUENTIN&#8221; accordion_id=&#8221;saint-quentin&#8221; icon=&#8221;&#8221;] [spb_text_block animation=&#8221;none&#8221; animation_delay=&#8221;0&#8243; simplified_controls=&#8221;yes&#8221; custom_css_percentage=&#8221;no&#8221; padding_vertical=&#8221;0&#8243; padding_horizontal=&#8221;0&#8243; margin_vertical=&#8221;0&#8243; custom_css=&#8221;margin-top: 0px;margin-bottom: 0px;&#8221; border_size=&#8221;0&#8243; border_styling_global=&#8221;default&#8221; width=&#8221;1\/1&#8243; el_position=&#8221;first last&#8221;]\n<p><span style=\"color: #8c9b00;\"><strong>Elise &amp; Martin Hennebicque &gt; <\/strong><\/span><em><span style=\"color: #8c9b00;\"><a href=\"https:\/\/www.artetjardins-hdf.com\/en\/jardin\/la-faille-du-parc-disle\/\"><strong>La faille<\/strong><\/a><br \/>\n<\/span>Park of Isle<\/em><br \/>\n<em>Avenue L\u00e9o Lagrange, 02100 Saint-Quentin<\/em><\/p>\n[\/spb_text_block] [\/spb_accordion_tab] [spb_accordion_tab title=&#8221;PONT-REMY&#8221; accordion_id=&#8221;pont-remy&#8221; icon=&#8221;&#8221;] [spb_text_block element_name=&#8221;Atelier Quand-M\u00eame &gt; Le d\u00e9versoir&#8221; animation=&#8221;none&#8221; animation_delay=&#8221;0&#8243; simplified_controls=&#8221;yes&#8221; custom_css_percentage=&#8221;no&#8221; padding_vertical=&#8221;0&#8243; padding_horizontal=&#8221;0&#8243; margin_vertical=&#8221;0&#8243; custom_css=&#8221;margin-top: 0px;margin-bottom: 0px;&#8221; border_size=&#8221;0&#8243; border_styling_global=&#8221;default&#8221; width=&#8221;1\/1&#8243; el_position=&#8221;first last&#8221;]\n<p><a href=\"https:\/\/www.artetjardins-hdf.com\/en\/jardin\/maison-eclusiere-pont-remy\/\"><strong>Atelier Quand-M\u00eame &gt;\u00a0<em>Le d\u00e9versoir<\/em><br \/>\n<\/strong><em>Ancienne maison \u00e9clusi\u00e8re de Pont Remy<br \/>\n<\/em><em>20 R\u00e9s des Moulins, 80580 Pont-Remy<\/em><\/a><\/p>\n[\/spb_text_block] [\/spb_accordion_tab] [spb_accordion_tab title=&#8221;CORBIE&#8221; accordion_id=&#8221;corbie&#8221; icon=&#8221;&#8221;] [spb_text_block element_name=&#8221;Matthieu Pilaud &gt; Les Matrices&#8221; animation=&#8221;none&#8221; animation_delay=&#8221;0&#8243; simplified_controls=&#8221;yes&#8221; custom_css_percentage=&#8221;no&#8221; padding_vertical=&#8221;0&#8243; padding_horizontal=&#8221;0&#8243; margin_vertical=&#8221;0&#8243; custom_css=&#8221;margin-top: 0px;margin-bottom: 0px;&#8221; border_size=&#8221;0&#8243; border_styling_global=&#8221;default&#8221; width=&#8221;1\/1&#8243; el_position=&#8221;first last&#8221;]\n<div class=\"spb_accordion_section group\">\n<div id=\"ui-id-8\" class=\"row-fluid ui-accordion-content ui-helper-reset ui-widget-content ui-corner-bottom ui-accordion-content-active\" role=\"tabpanel\" aria-labelledby=\"ui-id-7\" aria-hidden=\"false\">\n<section class=\"row \">\n<div class=\"spb_content_element col-sm-12 spb_text_column\">\n<div class=\"spb-asset-content\">\n<p><a href=\"https:\/\/www.artetjardins-hdf.com\/en\/jardin\/maison-eclusiere-corbie\/\"><strong>Matthieu Pilaud &gt;<em>\u00a0Les Matrices\u00a0<\/em><\/strong><\/a><br \/>\n<a href=\"https:\/\/www.artetjardins-hdf.com\/jardin\/maison-eclusiere-corbie\/\"><em>1 Chemin de Halage\u00a0<\/em><\/a><br \/>\n<a href=\"https:\/\/www.artetjardins-hdf.com\/jardin\/maison-eclusiere-corbie\/\"><em>80800 Corbie<\/em><\/a><\/p>\n<\/div>\n<\/div>\n<\/section>\n<\/div>\n<\/div>\n<div class=\"spb_accordion_section group\">\n<h4 id=\"ui-id-9\" class=\"ui-accordion-header ui-state-default ui-accordion-icons ui-corner-all\" tabindex=\"-1\" role=\"tab\" aria-controls=\"ui-id-10\" aria-selected=\"false\" aria-expanded=\"false\"><\/h4>\n<\/div>\n[\/spb_text_block] [\/spb_accordion_tab] [spb_accordion_tab title=&#8221;&#8221; accordion_id=&#8221;&#8221; icon=&#8221;&#8221;] [spb_text_block element_name=&#8221;Antoine Milian &gt; Flux&#8221; animation=&#8221;none&#8221; animation_delay=&#8221;0&#8243; simplified_controls=&#8221;yes&#8221; custom_css_percentage=&#8221;no&#8221; padding_vertical=&#8221;0&#8243; padding_horizontal=&#8221;0&#8243; margin_vertical=&#8221;0&#8243; custom_css=&#8221;margin-top: 0px;margin-bottom: 0px;&#8221; border_size=&#8221;0&#8243; border_styling_global=&#8221;default&#8221; width=&#8221;1\/1&#8243; el_position=&#8221;first last&#8221;]\n<p><a href=\"https:\/\/www.artetjardins-hdf.com\/en\/jardin\/maison-eclusiere-eclusier-vaux\/\"><strong>Antoine Milian &gt;\u00a0<em>Flux<br \/>\n<\/em><\/strong><em>Lock House d\u2019\u00c9clusier-Vaux<\/em><em><br \/>\n<\/em><em>3 VC d\u2019Eclusier, 80340 \u00c9clusier-Vaux<\/em><\/a><\/p>\n[\/spb_text_block] [\/spb_accordion_tab] [\/spb_accordion] [\/spb_column] [spb_column col_sm=&#8221;8&#8243; padding_horizontal=&#8221;0&#8243; width=&#8221;2\/3&#8243; el_position=&#8221;last&#8221;] [spb_image_banner element_name=&#8221;logo JVLS&#8221; image=&#8221;6056&#8243; image_size=&#8221;full&#8221; content_pos=&#8221;left&#8221; content_textalign=&#8221;left&#8221; animation=&#8221;none&#8221; animation_delay=&#8221;200&#8243; link_target=&#8221;_self&#8221; width=&#8221;1\/1&#8243; el_position=&#8221;first last&#8221;][\/spb_image_banner] [spb_text_block animation=&#8221;none&#8221; animation_delay=&#8221;0&#8243; simplified_controls=&#8221;yes&#8221; custom_css_percentage=&#8221;no&#8221; padding_vertical=&#8221;0&#8243; padding_horizontal=&#8221;0&#8243; margin_vertical=&#8221;0&#8243; custom_css=&#8221;margin-top: 0px;margin-bottom: 0px;&#8221; border_size=&#8221;0&#8243; border_styling_global=&#8221;default&#8221; width=&#8221;1\/1&#8243; el_position=&#8221;first last&#8221;]\n<div class=\"flex max-w-full flex-col flex-grow\">\n<div class=\"min-h-[20px] text-message flex w-full flex-col items-end gap-2 break-words [.text-message+&amp;]:mt-5 overflow-x-auto whitespace-pre-wrap\" dir=\"auto\" data-message-author-role=\"assistant\" data-message-id=\"c3ad2271-684a-4e04-82e9-1a121c17f96c\">\n<div class=\"flex w-full flex-col gap-1 empty:hidden first:pt-[3px]\">\n<div class=\"markdown prose w-full break-words dark:prose-invert dark\">\n<p>As a continuation of the International Garden Festival in the Hortillonnages, Art &amp; jardins | Hauts-de-France is proposing a reclamation of the banks of the Somme River through artistic and landscape creations. The gardens of the Somme Valley aim to highlight the riverbanks, emphasizing the incredible backbone the river has represented for its territory since antiquity: a mosaic of natural environments, the omnipresence of water, and a great diversity of fauna, flora, and biodiversity.<\/p>\n<p>Drawing on its professional expertise, the association was invited by the Somme Departmental Council to participate in the Vall\u00e9e de Somme, Vall\u00e9e Id\u00e9ale, and Un Pont une \u0152uvre projects by designing new artworks and gardens near the lock houses and various emblematic sites throughout the valley.<\/p>\n<p>Six artworks and gardens are already contributing to the landscape, artistic, and poetic journey from Saint-Quentin to the Bay of the Somme via Amiens.<\/p>\n<\/div>\n<\/div>\n<\/div>\n<\/div>\n[\/spb_text_block] [spb_image_banner element_name=&#8221;Carte JVLS&#8221; image=&#8221;6061&#8243; image_size=&#8221;full&#8221; content_pos=&#8221;left&#8221; content_textalign=&#8221;left&#8221; animation=&#8221;none&#8221; animation_delay=&#8221;200&#8243; link_target=&#8221;_self&#8221; width=&#8221;1\/1&#8243; el_position=&#8221;first last&#8221;][\/spb_image_banner] [spb_divider type=&#8221;standard&#8221; text=&#8221;Aller en haut&#8221; top_margin=&#8221;0px&#8221; bottom_margin=&#8221;30px&#8221; fullwidth=&#8221;no&#8221; width=&#8221;1\/1&#8243; el_position=&#8221;first last&#8221;] [spb_text_block animation=&#8221;none&#8221; animation_delay=&#8221;0&#8243; simplified_controls=&#8221;yes&#8221; custom_css_percentage=&#8221;no&#8221; padding_vertical=&#8221;0&#8243; padding_horizontal=&#8221;0&#8243; margin_vertical=&#8221;0&#8243; custom_css=&#8221;margin-top: 0px;margin-bottom: 0px;&#8221; border_size=&#8221;0&#8243; border_styling_global=&#8221;default&#8221; width=&#8221;1\/1&#8243; el_position=&#8221;first last&#8221;]\n<p><em>&#8220;All our plastic and landscape creations are resolutely contemporary. They penetrate the public space, the gardens, the cities, at the heart of built and natural heritage. There is always talk of sustainable development, social integration and basic resources: water, agriculture and food. They must be participatory through active involvement of the public in the creation, enhancement and sustainability of this new heritage.<\/em><em>&#8220;<\/em>\u00a0 Gilbert Fillinger<\/p>\n<p>&nbsp;<\/p>\n<p><!-- P--><\/p>\n[\/spb_text_block] [\/spb_column] [\/spb_row]<\/p>","protected":false},"excerpt":{"rendered":"<p>Arranged at the Parc d\u2019Isle in Saint-Quentin, at the lock house of Long, at the Parc de la Bouvaque d&#8217;Abbeville, the gardens of the Somme Valley proposed by the label Art et jardins &#8211; Hauts-de-France will enrich the cultural and landscape offer of the banks of the river.<\/p>\n","protected":false},"author":1,"featured_media":0,"parent":0,"menu_order":0,"comment_status":"closed","ping_status":"closed","template":"","meta":{"footnotes":""},"tags":[],"class_list":["post-9","page","type-page","status-publish","hentry"],"_links":{"self":[{"href":"https:\/\/www.artetjardins-hdf.com\/en\/wp-json\/wp\/v2\/pages\/9","targetHints":{"allow":["GET"]}}],"collection":[{"href":"https:\/\/www.artetjardins-hdf.com\/en\/wp-json\/wp\/v2\/pages"}],"about":[{"href":"https:\/\/www.artetjardins-hdf.com\/en\/wp-json\/wp\/v2\/types\/page"}],"author":[{"embeddable":true,"href":"https:\/\/www.artetjardins-hdf.com\/en\/wp-json\/wp\/v2\/users\/1"}],"replies":[{"embeddable":true,"href":"https:\/\/www.artetjardins-hdf.com\/en\/wp-json\/wp\/v2\/comments?post=9"}],"version-history":[{"count":82,"href":"https:\/\/www.artetjardins-hdf.com\/en\/wp-json\/wp\/v2\/pages\/9\/revisions"}],"predecessor-version":[{"id":6193,"href":"https:\/\/www.artetjardins-hdf.com\/en\/wp-json\/wp\/v2\/pages\/9\/revisions\/6193"}],"wp:attachment":[{"href":"https:\/\/www.artetjardins-hdf.com\/en\/wp-json\/wp\/v2\/media?parent=9"}],"wp:term":[{"taxonomy":"post_tag","embeddable":true,"href":"https:\/\/www.artetjardins-hdf.com\/en\/wp-json\/wp\/v2\/tags?post=9"}],"curies":[{"name":"wp","href":"https:\/\/api.w.org\/{rel}","templated":true}]}}